{"id":581,"date":"2018-12-13T17:31:49","date_gmt":"2018-12-13T17:31:49","guid":{"rendered":"http:\/\/webserver\/?page_id=581"},"modified":"2019-02-04T19:48:26","modified_gmt":"2019-02-04T19:48:26","slug":"la-creatrice","status":"publish","type":"page","link":"https:\/\/www.samoussastailou.com\/index.php\/lentreprise\/la-creatrice\/","title":{"rendered":"La Cr\u00e9atrice"},"content":{"rendered":"<div id=\"pl-581\"  class=\"panel-layout\" ><div id=\"pg-581-0\"  class=\"panel-grid panel-has-style\" ><div class=\"panel-row-style panel-row-style-for-581-0\" ><div id=\"pgc-581-0-0\"  class=\"panel-grid-cell\" ><div id=\"panel-581-0-0-0\" class=\"widget_text so-panel widget widget_custom_html panel-first-child panel-last-child\" data-index=\"0\" ><div class=\"widget_text panel-widget-style panel-widget-style-for-581-0-0-0\" ><div class=\"textwidget custom-html-widget\"><p>\n\t\t<b>Victorine TA\u00cfLOU<\/b>, cr\u00e9atrice de l\u2019entreprise, membre des <b>\u00abDisciples d\u2019Escoffier\u00bb<\/b>, s\u2019est vue d\u00e9cerner ces 10 derni\u00e8res ann\u00e9es les prix et r\u00e9compenses suivants :\n\t<\/p>\n<\/div><\/div><\/div><\/div><\/div><\/div><div id=\"pg-581-1\"  class=\"panel-grid panel-no-style\" ><div id=\"pgc-581-1-0\"  class=\"panel-grid-cell\" ><div id=\"panel-581-1-0-0\" class=\"so-panel widget widget_sow-image panel-first-child panel-last-child\" data-index=\"1\" ><div class=\"so-widget-sow-image so-widget-sow-image-default-d6014b76747a\">\n\n<div class=\"sow-image-container\">\n\t<img src=\"https:\/\/www.samoussastailou.com\/wp-content\/uploads\/2018\/12\/tailou-detail2.jpg\" width=\"556\" height=\"851\" srcset=\"https:\/\/www.samoussastailou.com\/wp-content\/uploads\/2018\/12\/tailou-detail2.jpg 556w, https:\/\/www.samoussastailou.com\/wp-content\/uploads\/2018\/12\/tailou-detail2-196x300.jpg 196w\" sizes=\"(max-width: 556px) 100vw, 556px\" alt=\"\" \t\tclass=\"so-widget-image\"\/>\n<\/div>\n\n<\/div><\/div><\/div><div id=\"pgc-581-1-1\"  class=\"panel-grid-cell\" ><div id=\"panel-581-1-1-0\" class=\"widget_text so-panel widget widget_custom_html panel-first-child panel-last-child\" data-index=\"2\" ><div class=\"textwidget custom-html-widget\"><div class=\"text\">\n<ul>\n\t<li><b>Madame Artisanat de la R\u00e9union<\/b> (Chambre de M\u00e9tiers)<\/li>\n\t<li><b>3<sup>\u00e8me<\/sup> Prix de l\u2019Artisan<\/b> (Chambre de M\u00e9tiers)<\/li>\n\t<li><b>1<sup>er<\/sup> Prix de l\u2019Artisan<\/b>  (Chambre de M\u00e9tiers)<\/li>\n\t<li><b>Prix Qualit\u00e9 R\u00e9union<\/b>  (DRIRE)<\/li>\n\t<li><b>Victoire des Autodidactes<\/b>  (Harvard Business School Club de France)<\/li>\n\t<li><b>Prix National de la Qualit\u00e9<\/b>  (Minist\u00e8re de l\u2019Industrie)<\/li>\n\t<li><b>Madame Commerce de France<\/b>  (Conseil Europ\u00e9en Femmes Chefs d\u2019Entreprises)<\/li>\n\t<li><b>Prix Europe 1998<\/b>  (Gem 2033)<\/li>\n\t<li><b>Chevalier de l\u2019Ordre du M\u00e9rite Agricole<\/b>  (Minist\u00e8re de l\u2019Agriculture)<\/li>\n\t<li><b>Chevalier de l\u2019Ordre National du M\u00e9rite<\/b> <\/li>\n\t<li><b>Chevalier de la L\u00e9gion d\u2019Honneur<\/b> <\/li>\n\t<\/ul>\n\t<\/div>\t<\/div><\/div><\/div><div id=\"pgc-581-1-2\"  class=\"panel-grid-cell\" ><div id=\"panel-581-1-2-0\" class=\"so-panel widget widget_sow-image panel-first-child panel-last-child\" data-index=\"3\" ><div class=\"so-widget-sow-image so-widget-sow-image-default-d6014b76747a\">\n\n<div class=\"sow-image-container\">\n\t<img src=\"https:\/\/www.samoussastailou.com\/wp-content\/uploads\/2018\/12\/tailou-detail1.jpg\" width=\"584\" height=\"876\" srcset=\"https:\/\/www.samoussastailou.com\/wp-content\/uploads\/2018\/12\/tailou-detail1.jpg 584w, https:\/\/www.samoussastailou.com\/wp-content\/uploads\/2018\/12\/tailou-detail1-200x300.jpg 200w\" sizes=\"(max-width: 584px) 100vw, 584px\" alt=\"\" \t\tclass=\"so-widget-image\"\/>\n<\/div>\n\n<\/div><\/div><\/div><\/div><\/div>","protected":false},"excerpt":{"rendered":"<p>Victorine TA\u00cfLOU, cr\u00e9atrice de l\u2019entreprise, membre des \u00abDisciples d\u2019Escoffier\u00bb, s\u2019est vue d\u00e9cerner ces 10 derni\u00e8res ann\u00e9es les prix et r\u00e9compenses suivants : Madame Artisanat de la R\u00e9union (Chambre de M\u00e9tiers) 3\u00e8me Prix de l\u2019Artisan (Chambre de M\u00e9tiers) 1er Prix de l\u2019Artisan (Chambre de M\u00e9tiers) Prix Qualit\u00e9 R\u00e9union (DRIRE) Victoire des Autodidactes (Harvard Business School Club&hellip; <\/p>\n","protected":false},"author":1,"featured_media":875,"parent":968,"menu_order":0,"comment_status":"closed","ping_status":"closed","template":"","meta":[],"_links":{"self":[{"href":"https:\/\/www.samoussastailou.com\/index.php\/wp-json\/wp\/v2\/pages\/581"}],"collection":[{"href":"https:\/\/www.samoussastailou.com\/index.php\/wp-json\/wp\/v2\/pages"}],"about":[{"href":"https:\/\/www.samoussastailou.com\/index.php\/wp-json\/wp\/v2\/types\/page"}],"author":[{"embeddable":true,"href":"https:\/\/www.samoussastailou.com\/index.php\/wp-json\/wp\/v2\/users\/1"}],"replies":[{"embeddable":true,"href":"https:\/\/www.samoussastailou.com\/index.php\/wp-json\/wp\/v2\/comments?post=581"}],"version-history":[{"count":21,"href":"https:\/\/www.samoussastailou.com\/index.php\/wp-json\/wp\/v2\/pages\/581\/revisions"}],"predecessor-version":[{"id":3200,"href":"https:\/\/www.samoussastailou.com\/index.php\/wp-json\/wp\/v2\/pages\/581\/revisions\/3200"}],"up":[{"embeddable":true,"href":"https:\/\/www.samoussastailou.com\/index.php\/wp-json\/wp\/v2\/pages\/968"}],"wp:featuredmedia":[{"embeddable":true,"href":"https:\/\/www.samoussastailou.com\/index.php\/wp-json\/wp\/v2\/media\/875"}],"wp:attachment":[{"href":"https:\/\/www.samoussastailou.com\/index.php\/wp-json\/wp\/v2\/media?parent=581"}],"curies":[{"name":"wp","href":"https:\/\/api.w.org\/{rel}","templated":true}]}}