{"id":2600,"date":"2019-02-04T15:02:45","date_gmt":"2019-02-04T15:02:45","guid":{"rendered":"https:\/\/www.samoussastailou.fr\/?page_id=2600"},"modified":"2019-02-04T16:08:31","modified_gmt":"2019-02-04T16:08:31","slug":"contact-kr","status":"publish","type":"page","link":"https:\/\/www.samoussastailou.com\/index.php\/cpf\/contact-kr\/","title":{"rendered":"Contact"},"content":{"rendered":"<div id=\"pl-2600\"  class=\"panel-layout\" ><div id=\"pg-2600-0\"  class=\"panel-grid panel-no-style\" ><div id=\"pgc-2600-0-0\"  class=\"panel-grid-cell\" ><div id=\"panel-2600-0-0-0\" class=\"widget_text so-panel widget widget_custom_html panel-first-child panel-last-child\" data-index=\"0\" ><div class=\"textwidget custom-html-widget\">\n<p>\t\n<b>Si\u00e8ge social de Samoussas TA\u00cfLOU<\/b>\n<br>\n81, Chemin d\u2019eau\n<br>Fleurimont\n<br>97435 Saint-Gilles-les-Hauts\n<br>\u00cele de la R\u00e9union\n<\/p>\n\n<p>\n\t<b>T\u00e9l\u00e9phone :<\/b> 0262 55 52 20\n\t<br>\n\t<b>Fax : <\/b>0262 22 86 79\n\t<br>\n\t<b>Email : <\/b><a href=\"samoussas.tailou@wanadoo.fr\">samoussas.tailou@wanadoo.fr<\/a>\n<\/p>\n\n\n\n<iframe src=\"https:\/\/www.google.com\/maps\/d\/embed?mid=1lrhQ49YMbFNyJ8LmDkI3Iw9ZFqz5Heu5\" width=\"100%\" height=\"480\"><\/iframe>\n\n<br><br>\n\n\n<div role=\"form\" class=\"wpcf7\" id=\"wpcf7-f505-o1\" lang=\"en-US\" dir=\"ltr\">\n<div class=\"screen-reader-response\"><p role=\"status\" aria-live=\"polite\" aria-atomic=\"true\"><\/p> <ul><\/ul><\/div>\n<form action=\"\/index.php\/wp-json\/wp\/v2\/pages\/2600#wpcf7-f505-o1\" method=\"post\" class=\"wpcf7-form init\" novalidate=\"novalidate\" data-status=\"init\">\n<div style=\"display: none;\">\n<input type=\"hidden\" name=\"_wpcf7\" value=\"505\" \/>\n<input type=\"hidden\" name=\"_wpcf7_version\" value=\"5.4\" \/>\n<input type=\"hidden\" name=\"_wpcf7_locale\" value=\"en_US\" \/>\n<input type=\"hidden\" name=\"_wpcf7_unit_tag\" value=\"wpcf7-f505-o1\" \/>\n<input type=\"hidden\" name=\"_wpcf7_container_post\" value=\"0\" \/>\n<input type=\"hidden\" name=\"_wpcf7_posted_data_hash\" value=\"\" \/>\n<\/div>\n<p>Nom (obligatoire)<br \/>\n    <span class=\"wpcf7-form-control-wrap your-name\"><input type=\"text\" name=\"your-name\" value=\"\" size=\"40\" class=\"wpcf7-form-control wpcf7-text wpcf7-validates-as-required\" aria-required=\"true\" aria-invalid=\"false\" \/><\/span> <\/p>\n<p>Adresse \u00e9lectronique (obligatoire)<br \/>\n    <span class=\"wpcf7-form-control-wrap your-email\"><input type=\"email\" name=\"your-email\" value=\"\" size=\"40\" class=\"wpcf7-form-control wpcf7-text wpcf7-email wpcf7-validates-as-required wpcf7-validates-as-email\" aria-required=\"true\" aria-invalid=\"false\" \/><\/span> <\/p>\n<p>Objet<br \/>\n    <span class=\"wpcf7-form-control-wrap your-subject\"><input type=\"text\" name=\"your-subject\" value=\"\" size=\"40\" class=\"wpcf7-form-control wpcf7-text\" aria-invalid=\"false\" \/><\/span> <\/p>\n<p>Message<br \/>\n    <span class=\"wpcf7-form-control-wrap your-message\"><textarea name=\"your-message\" cols=\"40\" rows=\"10\" class=\"wpcf7-form-control wpcf7-textarea\" aria-invalid=\"false\"><\/textarea><\/span> <\/p>\n<p>Veuillez taper le texte suivant (obligatoire) :<input type=\"hidden\" name=\"_wpcf7_captcha_challenge_captcha-1\" value=\"1439271224\" \/><img class=\"wpcf7-form-control wpcf7-captchac wpcf7-captcha-captcha-1\" width=\"72\" height=\"24\" alt=\"captcha\" src=\"https:\/\/www.samoussastailou.com\/wp-content\/uploads\/wpcf7_captcha\/1439271224.png\" \/> <span class=\"wpcf7-form-control-wrap captcha-1\"><input type=\"text\" name=\"captcha-1\" value=\"\" size=\"40\" class=\"wpcf7-form-control wpcf7-captchar\" autocomplete=\"off\" aria-invalid=\"false\" \/><\/span><\/p>\n<p><input type=\"submit\" value=\"Envoyer\" class=\"wpcf7-form-control wpcf7-submit\" \/><\/p>\n<div class=\"wpcf7-response-output\" aria-hidden=\"true\"><\/div><\/form><\/div><\/div><\/div><\/div><\/div><\/div>","protected":false},"excerpt":{"rendered":"<p>Si\u00e8ge social de Samoussas TA\u00cfLOU 81, Chemin d\u2019eau Fleurimont 97435 Saint-Gilles-les-Hauts \u00cele de la R\u00e9union T\u00e9l\u00e9phone : 0262 55 52 20 Fax : 0262 22 86 79 Email : samoussas.tailou@wanadoo.fr Nom (obligatoire) Adresse \u00e9lectronique (obligatoire) Objet Message Veuillez taper le texte suivant (obligatoire) :<\/p>\n","protected":false},"author":1,"featured_media":0,"parent":0,"menu_order":0,"comment_status":"closed","ping_status":"closed","template":"","meta":[],"_links":{"self":[{"href":"https:\/\/www.samoussastailou.com\/index.php\/wp-json\/wp\/v2\/pages\/2600"}],"collection":[{"href":"https:\/\/www.samoussastailou.com\/index.php\/wp-json\/wp\/v2\/pages"}],"about":[{"href":"https:\/\/www.samoussastailou.com\/index.php\/wp-json\/wp\/v2\/types\/page"}],"author":[{"embeddable":true,"href":"https:\/\/www.samoussastailou.com\/index.php\/wp-json\/wp\/v2\/users\/1"}],"replies":[{"embeddable":true,"href":"https:\/\/www.samoussastailou.com\/index.php\/wp-json\/wp\/v2\/comments?post=2600"}],"version-history":[{"count":10,"href":"https:\/\/www.samoussastailou.com\/index.php\/wp-json\/wp\/v2\/pages\/2600\/revisions"}],"predecessor-version":[{"id":2743,"href":"https:\/\/www.samoussastailou.com\/index.php\/wp-json\/wp\/v2\/pages\/2600\/revisions\/2743"}],"wp:attachment":[{"href":"https:\/\/www.samoussastailou.com\/index.php\/wp-json\/wp\/v2\/media?parent=2600"}],"curies":[{"name":"wp","href":"https:\/\/api.w.org\/{rel}","templated":true}]}}