{"id":2555,"date":"2019-02-04T14:52:02","date_gmt":"2019-02-04T14:52:02","guid":{"rendered":"https:\/\/www.samoussastailou.fr\/?page_id=2555"},"modified":"2019-02-04T17:44:12","modified_gmt":"2019-02-04T17:44:12","slug":"nems-it","status":"publish","type":"page","link":"https:\/\/www.samoussastailou.com\/index.php\/it\/prodotti\/nems-it\/","title":{"rendered":"Nems"},"content":{"rendered":"<div id=\"pl-2555\"  class=\"panel-layout\" ><div id=\"pg-2555-0\"  class=\"panel-grid panel-no-style\" ><div id=\"pgc-2555-0-0\"  class=\"panel-grid-cell\" ><div id=\"panel-2555-0-0-0\" class=\"so-panel widget widget_sow-image panel-first-child panel-last-child\" data-index=\"0\" ><div class=\"so-widget-sow-image so-widget-sow-image-default-d6014b76747a\">\n\n<div class=\"sow-image-container\">\n\t<img src=\"https:\/\/www.samoussastailou.com\/wp-content\/uploads\/2018\/12\/nem.jpg\" width=\"600\" height=\"600\" srcset=\"https:\/\/www.samoussastailou.com\/wp-content\/uploads\/2018\/12\/nem.jpg 600w, https:\/\/www.samoussastailou.com\/wp-content\/uploads\/2018\/12\/nem-150x150.jpg 150w, https:\/\/www.samoussastailou.com\/wp-content\/uploads\/2018\/12\/nem-300x300.jpg 300w\" sizes=\"(max-width: 600px) 100vw, 600px\" alt=\"\" \t\tclass=\"so-widget-image\"\/>\n<\/div>\n\n<\/div><\/div><\/div><div id=\"pgc-2555-0-1\"  class=\"panel-grid-cell\" ><div id=\"panel-2555-0-1-0\" class=\"widget_text so-panel widget widget_custom_html panel-first-child panel-last-child\" data-index=\"1\" ><div class=\"textwidget custom-html-widget\"><p>\nQuesto grande classico di origine asiatica, a gi\u00e0 conquistato le tavole Europee da parecchi anni.<\/p>\n\t<p>Il Nem TA\u00cfLOU si distingue dalla qualita della farcia che \u00e8 composta unicamente da prodotti pesci di stagion, naturali, e dal croccante della pasta che grazie a un processo per friggere esclusivo assorbisce solo pocchissimo olio rimanendo cosi molto leggera.\n<\/p>\n\n<p>\n\t<i>\nComposizione : Carne di maiale, polo, gamberetti, funghi neri, soja, vermicelli, verdura, mista di stagione, uova, diverse spezie e per la pasta : Farina, acqua, sale.\n\t\t<\/i>\n<\/p><\/div><\/div><\/div><\/div><\/div>","protected":false},"excerpt":{"rendered":"<p>Questo grande classico di origine asiatica, a gi\u00e0 conquistato le tavole Europee da parecchi anni. Il Nem TA\u00cfLOU si distingue dalla qualita della farcia che \u00e8 composta unicamente da prodotti pesci di stagion, naturali, e dal croccante della pasta che grazie a un processo per friggere esclusivo assorbisce solo pocchissimo olio rimanendo cosi molto leggera.&hellip; <\/p>\n","protected":false},"author":1,"featured_media":0,"parent":2546,"menu_order":0,"comment_status":"closed","ping_status":"closed","template":"","meta":[],"_links":{"self":[{"href":"https:\/\/www.samoussastailou.com\/index.php\/wp-json\/wp\/v2\/pages\/2555"}],"collection":[{"href":"https:\/\/www.samoussastailou.com\/index.php\/wp-json\/wp\/v2\/pages"}],"about":[{"href":"https:\/\/www.samoussastailou.com\/index.php\/wp-json\/wp\/v2\/types\/page"}],"author":[{"embeddable":true,"href":"https:\/\/www.samoussastailou.com\/index.php\/wp-json\/wp\/v2\/users\/1"}],"replies":[{"embeddable":true,"href":"https:\/\/www.samoussastailou.com\/index.php\/wp-json\/wp\/v2\/comments?post=2555"}],"version-history":[{"count":11,"href":"https:\/\/www.samoussastailou.com\/index.php\/wp-json\/wp\/v2\/pages\/2555\/revisions"}],"predecessor-version":[{"id":2858,"href":"https:\/\/www.samoussastailou.com\/index.php\/wp-json\/wp\/v2\/pages\/2555\/revisions\/2858"}],"up":[{"embeddable":true,"href":"https:\/\/www.samoussastailou.com\/index.php\/wp-json\/wp\/v2\/pages\/2546"}],"wp:attachment":[{"href":"https:\/\/www.samoussastailou.com\/index.php\/wp-json\/wp\/v2\/media?parent=2555"}],"curies":[{"name":"wp","href":"https:\/\/api.w.org\/{rel}","templated":true}]}}