{"id":2524,"date":"2019-02-04T14:03:03","date_gmt":"2019-02-04T14:03:03","guid":{"rendered":"https:\/\/www.samoussastailou.fr\/?page_id=2524"},"modified":"2019-02-04T19:05:08","modified_gmt":"2019-02-04T19:05:08","slug":"2524-2","status":"publish","type":"page","link":"https:\/\/www.samoussastailou.com\/index.php\/it\/2524-2\/","title":{"rendered":""},"content":{"rendered":"<div id=\"pl-2524\"  class=\"panel-layout\" ><div id=\"pg-2524-0\"  class=\"panel-grid panel-has-style\" ><div class=\"panel-row-style panel-row-style-for-2524-0\" ><div id=\"pgc-2524-0-0\"  class=\"panel-grid-cell\" ><div id=\"panel-2524-0-0-0\" class=\"widget_text so-panel widget widget_custom_html panel-first-child panel-last-child\" data-index=\"0\" ><div class=\"widget_text panel-widget-style panel-widget-style-for-2524-0-0-0\" ><div class=\"textwidget custom-html-widget\"><a href=\"\/index.php\/it\/prodotti\/\">\n<div class=\"img-with-text-front\">  \n<img src=\"\/wp-content\/uploads\/2019\/01\/products-small.jpg\">\n\t<div class=\"inner-text\">\n<p>Prodotti<\/p>\n\t\t\t<\/div>\n<\/div>\n<\/a><\/div><\/div><\/div><\/div><div id=\"pgc-2524-0-1\"  class=\"panel-grid-cell\" ><div id=\"panel-2524-0-1-0\" class=\"widget_text so-panel widget widget_custom_html panel-first-child panel-last-child\" data-index=\"1\" ><div class=\"widget_text panel-widget-style panel-widget-style-for-2524-0-1-0\" ><div class=\"textwidget custom-html-widget\"><a href=\"\/index.php\/it\/la-firme\/il-fondatore\/\">\n<div class=\"img-with-text-front\">  \n<img src=\"\/wp-content\/uploads\/2019\/01\/tailou-front-2.jpg\">\n\t<div class=\"inner-text\">\n<p>Il Fondatore<\/p>\n\t\t\t<\/div>\n<\/div>\n<\/a><\/div><\/div><\/div><\/div><div id=\"pgc-2524-0-2\"  class=\"panel-grid-cell\" ><div id=\"panel-2524-0-2-0\" class=\"widget_text so-panel widget widget_custom_html panel-first-child panel-last-child\" data-index=\"2\" ><div class=\"widget_text panel-widget-style panel-widget-style-for-2524-0-2-0\" ><div class=\"textwidget custom-html-widget\"><a href=\"\/index.php\/it\/la-firme\/\">\n<div class=\"img-with-text-front\">  \n<img src=\"\/wp-content\/uploads\/2019\/02\/factory-small2.jpg\">\n\t<div class=\"inner-text\">\n<p>La Firme<\/p>\n\t\t\t<\/div>\n<\/div>\n<\/a><\/div><\/div><\/div><\/div><\/div><\/div><div id=\"pg-2524-1\"  class=\"panel-grid panel-has-style\" ><div class=\"panel-row-style panel-row-style-for-2524-1\" ><div id=\"pgc-2524-1-0\"  class=\"panel-grid-cell\" ><div id=\"panel-2524-1-0-0\" class=\"widget_text so-panel widget widget_custom_html panel-first-child panel-last-child\" data-index=\"3\" ><div class=\"widget_text panel-widget-style panel-widget-style-for-2524-1-0-0\" ><div class=\"textwidget custom-html-widget\"><a href=\"\/index.php\/it\/che-cose-un-samoussa\/\">\n<div class=\"img-with-text-front\">  \n\t<img src=\"\/wp-content\/uploads\/2018\/12\/samoussas-sliver3.jpg\">\n\t<div class=\"inner-text\">\n<p>Che cos\u2019\u00e8 un samoussa ?<\/p>\n\t\t\t<\/div>\n<\/div>\n<\/a>\n<br>\n\n<center><h3><b>Benvenuti nel Sito Ufficiale delle Samoussas<\/b><\/h3>\n\n<p>Il produttore leader di prodotti esotici sull\u2019isola di \u00abLa R\u00e9union\u00bb<\/p>\n\n<p>Per sapere tutto sui Samoussas, la specialit\u00e0 golosa della R\u00e9union.<\/p>\n\n<p>Lasciatevi andare alla avidit\u00e0...<\/p>\n\n<p>Venite a R\u00e9union e gustare i nostri deliziosi prodotti esotici.<\/p><\/center>\n\n\n\n<\/div><\/div><\/div><\/div><\/div><\/div><\/div>","protected":false},"excerpt":{"rendered":"<p>Prodotti Il Fondatore La Firme Che cos\u2019\u00e8 un samoussa ? Benvenuti nel Sito Ufficiale delle Samoussas Il produttore leader di prodotti esotici sull\u2019isola di \u00abLa R\u00e9union\u00bb Per sapere tutto sui Samoussas, la specialit\u00e0 golosa della R\u00e9union. Lasciatevi andare alla avidit\u00e0&#8230; Venite a R\u00e9union e gustare i nostri deliziosi prodotti esotici.<\/p>\n","protected":false},"author":1,"featured_media":0,"parent":0,"menu_order":0,"comment_status":"closed","ping_status":"closed","template":"","meta":[],"_links":{"self":[{"href":"https:\/\/www.samoussastailou.com\/index.php\/wp-json\/wp\/v2\/pages\/2524"}],"collection":[{"href":"https:\/\/www.samoussastailou.com\/index.php\/wp-json\/wp\/v2\/pages"}],"about":[{"href":"https:\/\/www.samoussastailou.com\/index.php\/wp-json\/wp\/v2\/types\/page"}],"author":[{"embeddable":true,"href":"https:\/\/www.samoussastailou.com\/index.php\/wp-json\/wp\/v2\/users\/1"}],"replies":[{"embeddable":true,"href":"https:\/\/www.samoussastailou.com\/index.php\/wp-json\/wp\/v2\/comments?post=2524"}],"version-history":[{"count":15,"href":"https:\/\/www.samoussastailou.com\/index.php\/wp-json\/wp\/v2\/pages\/2524\/revisions"}],"predecessor-version":[{"id":3086,"href":"https:\/\/www.samoussastailou.com\/index.php\/wp-json\/wp\/v2\/pages\/2524\/revisions\/3086"}],"wp:attachment":[{"href":"https:\/\/www.samoussastailou.com\/index.php\/wp-json\/wp\/v2\/media?parent=2524"}],"curies":[{"name":"wp","href":"https:\/\/api.w.org\/{rel}","templated":true}]}}