{"id":2450,"date":"2019-02-01T17:33:43","date_gmt":"2019-02-01T17:33:43","guid":{"rendered":"http:\/\/tealduck.webhop.org:8001\/?page_id=2450"},"modified":"2019-02-05T15:25:43","modified_gmt":"2019-02-05T15:25:43","slug":"our-company","status":"publish","type":"page","link":"https:\/\/www.samoussastailou.com\/index.php\/en\/our-company\/","title":{"rendered":"Our Company"},"content":{"rendered":"<div id=\"pl-2450\"  class=\"panel-layout\" ><div id=\"pg-2450-0\"  class=\"panel-grid panel-no-style\" ><div id=\"pgc-2450-0-0\"  class=\"panel-grid-cell\" ><div id=\"panel-2450-0-0-0\" class=\"widget_text so-panel widget widget_custom_html panel-first-child panel-last-child\" data-index=\"0\" ><div class=\"textwidget custom-html-widget\"><p>\nThe company <b> Samoussas TA\u00cfLOU <\/b>, created in 1982, is a French SARL (Soci\u00e9t\u00e9 A Responsabilit\u00e9 Limit\u00e9e) with capital of 72 016 \u20ac. It is specialized in the production of exotic food delicacies (Samossas, chili sweets, fritters, nuggets, dumplings, and other food items).\n<\/p><\/div><\/div><\/div><\/div><div id=\"pg-2450-1\"  class=\"panel-grid panel-no-style\" ><div id=\"pgc-2450-1-0\"  class=\"panel-grid-cell\" ><div id=\"panel-2450-1-0-0\" class=\"so-panel widget widget_sow-image panel-first-child panel-last-child\" data-index=\"1\" ><div class=\"so-widget-sow-image so-widget-sow-image-default-d6014b76747a\">\n\n<div class=\"sow-image-container\">\n\t<img src=\"https:\/\/www.samoussastailou.com\/wp-content\/uploads\/2019\/01\/beach-small-square.jpg\" width=\"1000\" height=\"926\" srcset=\"https:\/\/www.samoussastailou.com\/wp-content\/uploads\/2019\/01\/beach-small-square.jpg 1000w, https:\/\/www.samoussastailou.com\/wp-content\/uploads\/2019\/01\/beach-small-square-300x278.jpg 300w, https:\/\/www.samoussastailou.com\/wp-content\/uploads\/2019\/01\/beach-small-square-768x711.jpg 768w\" sizes=\"(max-width: 1000px) 100vw, 1000px\" alt=\"\" \t\tclass=\"so-widget-image\"\/>\n<\/div>\n\n<\/div><\/div><\/div><div id=\"pgc-2450-1-1\"  class=\"panel-grid-cell\" ><div id=\"panel-2450-1-1-0\" class=\"widget_text so-panel widget widget_custom_html panel-first-child panel-last-child\" data-index=\"2\" ><div class=\"textwidget custom-html-widget\"><p>\nOur Production Lab is located on the West side of Reunion Island, between the cool mountains and the warm shores of the Indian Ocean. This location is ideal for developing high quality products.\n<\/p><\/div><\/div><\/div><div id=\"pgc-2450-1-2\"  class=\"panel-grid-cell\" ><div id=\"panel-2450-1-2-0\" class=\"so-panel widget widget_sow-image panel-first-child panel-last-child\" data-index=\"3\" ><div class=\"so-widget-sow-image so-widget-sow-image-default-d6014b76747a\">\n\n<div class=\"sow-image-container\">\n\t<img src=\"https:\/\/www.samoussastailou.com\/wp-content\/uploads\/2019\/01\/reunion-mafate-small.jpg\" width=\"1000\" height=\"927\" srcset=\"https:\/\/www.samoussastailou.com\/wp-content\/uploads\/2019\/01\/reunion-mafate-small.jpg 1000w, https:\/\/www.samoussastailou.com\/wp-content\/uploads\/2019\/01\/reunion-mafate-small-300x278.jpg 300w, https:\/\/www.samoussastailou.com\/wp-content\/uploads\/2019\/01\/reunion-mafate-small-768x712.jpg 768w\" sizes=\"(max-width: 1000px) 100vw, 1000px\" alt=\"\" \t\tclass=\"so-widget-image\"\/>\n<\/div>\n\n<\/div><\/div><\/div><\/div><div id=\"pg-2450-2\"  class=\"panel-grid panel-no-style\" ><div id=\"pgc-2450-2-0\"  class=\"panel-grid-cell\" ><div id=\"panel-2450-2-0-0\" class=\"widget_text so-panel widget widget_custom_html panel-first-child panel-last-child\" data-index=\"4\" ><div class=\"textwidget custom-html-widget\"><p>\nSamoussas TA\u00cfLOU is the undisputed leader in Reunion Island and operates <b>8 Samoussas TA\u00cfLOU stores<\/b> located all over the island. It also distributes its products to public organizations, supermarkets, specialty stores, restaurants, and hotels on the West coast.\n<\/p>\n<p>\nEvery day, several thousand Samoussas TA\u00cfLOU bring delight to connoisseurs.\n<\/p><\/div><\/div><\/div><\/div><div id=\"pg-2450-3\"  class=\"panel-grid panel-no-style\" ><div id=\"pgc-2450-3-0\"  class=\"panel-grid-cell\" ><div id=\"panel-2450-3-0-0\" class=\"so-panel widget widget_sow-button panel-first-child panel-last-child\" data-index=\"5\" ><div class=\"so-widget-sow-button so-widget-sow-button-wire-5e1bd12e3458\"><div class=\"ow-button-base ow-button-align-center\">\n\t<a href=\"https:\/\/www.samoussastailou.com\/index.php\/en\/our-company\/our-founder\/\" class=\"ow-icon-placement-left ow-button-hover\" \t\t>\n\t\t<span>\n\t\t\t\n\t\t\tDiscover our Founder\t\t<\/span>\n\t<\/a>\n<\/div>\n<\/div><\/div><\/div><div id=\"pgc-2450-3-1\"  class=\"panel-grid-cell\" ><div id=\"panel-2450-3-1-0\" class=\"so-panel widget widget_sow-button panel-first-child panel-last-child\" data-index=\"6\" ><div class=\"so-widget-sow-button so-widget-sow-button-wire-5e1bd12e3458\"><div class=\"ow-button-base ow-button-align-center\">\n\t<a href=\"https:\/\/www.samoussastailou.com\/index.php\/en\/our-stores\/\" class=\"ow-icon-placement-left ow-button-hover\" \t\t>\n\t\t<span>\n\t\t\t\n\t\t\tOur Store Locations\t\t<\/span>\n\t<\/a>\n<\/div>\n<\/div><\/div><\/div><div id=\"pgc-2450-3-2\"  class=\"panel-grid-cell\" ><div id=\"panel-2450-3-2-0\" class=\"so-panel widget widget_sow-button panel-first-child panel-last-child\" data-index=\"7\" ><div class=\"so-widget-sow-button so-widget-sow-button-wire-5e1bd12e3458\"><div class=\"ow-button-base ow-button-align-center\">\n\t<a href=\"https:\/\/www.samoussastailou.com\/index.php\/en\/our-company\/our-production-lab\/\" class=\"ow-icon-placement-left ow-button-hover\" \t\t>\n\t\t<span>\n\t\t\t\n\t\t\tDiscover our Production Lab\t\t<\/span>\n\t<\/a>\n<\/div>\n<\/div><\/div><\/div><\/div><\/div>","protected":false},"excerpt":{"rendered":"<p>The company Samoussas TA\u00cfLOU , created in 1982, is a French SARL (Soci\u00e9t\u00e9 A Responsabilit\u00e9 Limit\u00e9e) with capital of 72 016 \u20ac. It is specialized in the production of exotic food delicacies (Samossas, chili sweets, fritters, nuggets, dumplings, and other food items). Our Production Lab is located on the West side of Reunion Island, between&hellip; <\/p>\n","protected":false},"author":1,"featured_media":972,"parent":0,"menu_order":0,"comment_status":"closed","ping_status":"closed","template":"","meta":[],"_links":{"self":[{"href":"https:\/\/www.samoussastailou.com\/index.php\/wp-json\/wp\/v2\/pages\/2450"}],"collection":[{"href":"https:\/\/www.samoussastailou.com\/index.php\/wp-json\/wp\/v2\/pages"}],"about":[{"href":"https:\/\/www.samoussastailou.com\/index.php\/wp-json\/wp\/v2\/types\/page"}],"author":[{"embeddable":true,"href":"https:\/\/www.samoussastailou.com\/index.php\/wp-json\/wp\/v2\/users\/1"}],"replies":[{"embeddable":true,"href":"https:\/\/www.samoussastailou.com\/index.php\/wp-json\/wp\/v2\/comments?post=2450"}],"version-history":[{"count":32,"href":"https:\/\/www.samoussastailou.com\/index.php\/wp-json\/wp\/v2\/pages\/2450\/revisions"}],"predecessor-version":[{"id":3430,"href":"https:\/\/www.samoussastailou.com\/index.php\/wp-json\/wp\/v2\/pages\/2450\/revisions\/3430"}],"wp:featuredmedia":[{"embeddable":true,"href":"https:\/\/www.samoussastailou.com\/index.php\/wp-json\/wp\/v2\/media\/972"}],"wp:attachment":[{"href":"https:\/\/www.samoussastailou.com\/index.php\/wp-json\/wp\/v2\/media?parent=2450"}],"curies":[{"name":"wp","href":"https:\/\/api.w.org\/{rel}","templated":true}]}}