{"id":1689,"date":"2019-01-14T19:03:46","date_gmt":"2019-01-14T19:03:46","guid":{"rendered":"http:\/\/tealduck.webhop.org:8001\/?page_id=1689"},"modified":"2019-02-19T16:48:08","modified_gmt":"2019-02-19T16:48:08","slug":"samoussas-tailou-a-fleurimont","status":"publish","type":"page","link":"https:\/\/www.samoussastailou.com\/index.php\/points-chauds\/samoussas-tailou-a-fleurimont\/","title":{"rendered":"Samoussas TA\u00cfLOU \u00e0 Fleurimont"},"content":{"rendered":"<div id=\"pl-1689\"  class=\"panel-layout\" ><div id=\"pg-1689-0\"  class=\"panel-grid panel-no-style\" ><div id=\"pgc-1689-0-0\"  class=\"panel-grid-cell\" ><div id=\"panel-1689-0-0-0\" class=\"so-panel widget widget_sow-image panel-first-child panel-last-child\" data-index=\"0\" ><div class=\"so-widget-sow-image so-widget-sow-image-default-d6014b76747a\">\n\n<div class=\"sow-image-container\">\n\t<img src=\"https:\/\/www.samoussastailou.com\/wp-content\/uploads\/2019\/02\/factory-small-3.jpg\" width=\"850\" height=\"660\" srcset=\"https:\/\/www.samoussastailou.com\/wp-content\/uploads\/2019\/02\/factory-small-3.jpg 850w, https:\/\/www.samoussastailou.com\/wp-content\/uploads\/2019\/02\/factory-small-3-300x233.jpg 300w, https:\/\/www.samoussastailou.com\/wp-content\/uploads\/2019\/02\/factory-small-3-768x596.jpg 768w\" sizes=\"(max-width: 850px) 100vw, 850px\" alt=\"\" \t\tclass=\"so-widget-image\"\/>\n<\/div>\n\n<\/div><\/div><\/div><div id=\"pgc-1689-0-1\"  class=\"panel-grid-cell\" ><div id=\"panel-1689-0-1-0\" class=\"widget_text so-panel widget widget_custom_html panel-first-child panel-last-child\" data-index=\"1\" ><div class=\"textwidget custom-html-widget\"><p>\nDans un cadre id\u00e9al pour la d\u00e9tente, venez d\u00e9couvrir nos Samoussas, mais aussi des bonbons piments, nems, croquettes et beignets, directement \u00e0 notre laboratoire de fabrication.\tDes boissons fra\u00eeches, une s\u00e9lection de sandwichs, un bon caf\u00e9, venez passer un moment de d\u00e9tente inoubliable.\t\n<\/p>\n\n<p>\nVous pouvez aussi passer commande directement dans cette boutique pour des produits cuits, surgel\u00e9s ou encore pr\u00e9cuits pour voyager.\n<\/p>\n\n<p><b>\n\tLaboratoire Samoussas TA\u00cfLOU <br>\n\t81 chemin d\u2019eau, Fleurimont, 97435 Saint-Gilles-les-Hauts  <br>\nT\u00e9l : 0262 55 52 20<\/b>\n<\/p><\/div><\/div><\/div><\/div><\/div>","protected":false},"excerpt":{"rendered":"<p>Dans un cadre id\u00e9al pour la d\u00e9tente, venez d\u00e9couvrir nos Samoussas, mais aussi des bonbons piments, nems, croquettes et beignets, directement \u00e0 notre laboratoire de fabrication. Des boissons fra\u00eeches, une s\u00e9lection de sandwichs, un bon caf\u00e9, venez passer un moment de d\u00e9tente inoubliable. Vous pouvez aussi passer commande directement dans cette boutique pour des produits&hellip; <\/p>\n","protected":false},"author":1,"featured_media":0,"parent":584,"menu_order":0,"comment_status":"closed","ping_status":"closed","template":"","meta":[],"_links":{"self":[{"href":"https:\/\/www.samoussastailou.com\/index.php\/wp-json\/wp\/v2\/pages\/1689"}],"collection":[{"href":"https:\/\/www.samoussastailou.com\/index.php\/wp-json\/wp\/v2\/pages"}],"about":[{"href":"https:\/\/www.samoussastailou.com\/index.php\/wp-json\/wp\/v2\/types\/page"}],"author":[{"embeddable":true,"href":"https:\/\/www.samoussastailou.com\/index.php\/wp-json\/wp\/v2\/users\/1"}],"replies":[{"embeddable":true,"href":"https:\/\/www.samoussastailou.com\/index.php\/wp-json\/wp\/v2\/comments?post=1689"}],"version-history":[{"count":24,"href":"https:\/\/www.samoussastailou.com\/index.php\/wp-json\/wp\/v2\/pages\/1689\/revisions"}],"predecessor-version":[{"id":3479,"href":"https:\/\/www.samoussastailou.com\/index.php\/wp-json\/wp\/v2\/pages\/1689\/revisions\/3479"}],"up":[{"embeddable":true,"href":"https:\/\/www.samoussastailou.com\/index.php\/wp-json\/wp\/v2\/pages\/584"}],"wp:attachment":[{"href":"https:\/\/www.samoussastailou.com\/index.php\/wp-json\/wp\/v2\/media?parent=1689"}],"curies":[{"name":"wp","href":"https:\/\/api.w.org\/{rel}","templated":true}]}}