{"id":1627,"date":"2019-01-14T00:36:46","date_gmt":"2019-01-14T00:36:46","guid":{"rendered":"http:\/\/tealduck.webhop.org:8001\/?page_id=1627"},"modified":"2019-01-28T16:19:23","modified_gmt":"2019-01-28T16:19:23","slug":"beignets-de-crevettes","status":"publish","type":"page","link":"https:\/\/www.samoussastailou.com\/index.php\/nos-specialities\/beignets-de-crevettes\/","title":{"rendered":"Beignets de Crevettes"},"content":{"rendered":"<div id=\"pl-1627\"  class=\"panel-layout\" ><div id=\"pg-1627-0\"  class=\"panel-grid panel-no-style\" ><div id=\"pgc-1627-0-0\"  class=\"panel-grid-cell\" ><div id=\"panel-1627-0-0-0\" class=\"so-panel widget widget_sow-image panel-first-child panel-last-child\" data-index=\"0\" ><div class=\"so-widget-sow-image so-widget-sow-image-default-d6014b76747a\">\n\n<div class=\"sow-image-container\">\n\t<img src=\"https:\/\/www.samoussastailou.com\/wp-content\/uploads\/2018\/12\/beignet-crevette.jpg\" width=\"600\" height=\"600\" srcset=\"https:\/\/www.samoussastailou.com\/wp-content\/uploads\/2018\/12\/beignet-crevette.jpg 600w, https:\/\/www.samoussastailou.com\/wp-content\/uploads\/2018\/12\/beignet-crevette-150x150.jpg 150w, https:\/\/www.samoussastailou.com\/wp-content\/uploads\/2018\/12\/beignet-crevette-300x300.jpg 300w\" sizes=\"(max-width: 600px) 100vw, 600px\" alt=\"\" \t\tclass=\"so-widget-image\"\/>\n<\/div>\n\n<\/div><\/div><\/div><div id=\"pgc-1627-0-1\"  class=\"panel-grid-cell\" ><div id=\"panel-1627-0-1-0\" class=\"widget_text so-panel widget widget_custom_html panel-first-child panel-last-child\" data-index=\"1\" ><div class=\"textwidget custom-html-widget\"><p>\n\tC'est la gourmandise des anges ! Un subtil beignet de crevettes, l'\u00e9l\u00e9gance en habit de douceur, la plus savoureuse de la gamme des produits TA\u00cfLOU. D\u00e9licatesse et caresse du palais. <i>C'est le r\u00e9gal du chef !<\/i>\n<\/p><\/div><\/div><\/div><\/div><\/div>","protected":false},"excerpt":{"rendered":"<p>C&#8217;est la gourmandise des anges ! Un subtil beignet de crevettes, l&#8217;\u00e9l\u00e9gance en habit de douceur, la plus savoureuse de la gamme des produits TA\u00cfLOU. D\u00e9licatesse et caresse du palais. C&#8217;est le r\u00e9gal du chef !<\/p>\n","protected":false},"author":1,"featured_media":0,"parent":578,"menu_order":0,"comment_status":"closed","ping_status":"closed","template":"","meta":[],"_links":{"self":[{"href":"https:\/\/www.samoussastailou.com\/index.php\/wp-json\/wp\/v2\/pages\/1627"}],"collection":[{"href":"https:\/\/www.samoussastailou.com\/index.php\/wp-json\/wp\/v2\/pages"}],"about":[{"href":"https:\/\/www.samoussastailou.com\/index.php\/wp-json\/wp\/v2\/types\/page"}],"author":[{"embeddable":true,"href":"https:\/\/www.samoussastailou.com\/index.php\/wp-json\/wp\/v2\/users\/1"}],"replies":[{"embeddable":true,"href":"https:\/\/www.samoussastailou.com\/index.php\/wp-json\/wp\/v2\/comments?post=1627"}],"version-history":[{"count":13,"href":"https:\/\/www.samoussastailou.com\/index.php\/wp-json\/wp\/v2\/pages\/1627\/revisions"}],"predecessor-version":[{"id":2211,"href":"https:\/\/www.samoussastailou.com\/index.php\/wp-json\/wp\/v2\/pages\/1627\/revisions\/2211"}],"up":[{"embeddable":true,"href":"https:\/\/www.samoussastailou.com\/index.php\/wp-json\/wp\/v2\/pages\/578"}],"wp:attachment":[{"href":"https:\/\/www.samoussastailou.com\/index.php\/wp-json\/wp\/v2\/media?parent=1627"}],"curies":[{"name":"wp","href":"https:\/\/api.w.org\/{rel}","templated":true}]}}