{"id":1613,"date":"2019-01-14T00:15:22","date_gmt":"2019-01-14T00:15:22","guid":{"rendered":"http:\/\/tealduck.webhop.org:8001\/?page_id=1613"},"modified":"2019-01-28T16:29:43","modified_gmt":"2019-01-28T16:29:43","slug":"croquettes-de-poulet","status":"publish","type":"page","link":"https:\/\/www.samoussastailou.com\/index.php\/nos-specialities\/croquettes-de-poulet\/","title":{"rendered":"Croquettes de Poulet"},"content":{"rendered":"<div id=\"pl-1613\"  class=\"panel-layout\" ><div id=\"pg-1613-0\"  class=\"panel-grid panel-no-style\" ><div id=\"pgc-1613-0-0\"  class=\"panel-grid-cell\" ><div id=\"panel-1613-0-0-0\" class=\"so-panel widget widget_sow-image panel-first-child panel-last-child\" data-index=\"0\" ><div class=\"so-widget-sow-image so-widget-sow-image-default-d6014b76747a\">\n\n<div class=\"sow-image-container\">\n\t<img src=\"https:\/\/www.samoussastailou.com\/wp-content\/uploads\/2018\/12\/croquette-de-poulet.jpg\" width=\"600\" height=\"600\" srcset=\"https:\/\/www.samoussastailou.com\/wp-content\/uploads\/2018\/12\/croquette-de-poulet.jpg 600w, https:\/\/www.samoussastailou.com\/wp-content\/uploads\/2018\/12\/croquette-de-poulet-150x150.jpg 150w, https:\/\/www.samoussastailou.com\/wp-content\/uploads\/2018\/12\/croquette-de-poulet-300x300.jpg 300w\" sizes=\"(max-width: 600px) 100vw, 600px\" alt=\"\" \t\tclass=\"so-widget-image\"\/>\n<\/div>\n\n<\/div><\/div><\/div><div id=\"pgc-1613-0-1\"  class=\"panel-grid-cell\" ><div id=\"panel-1613-0-1-0\" class=\"widget_text so-panel widget widget_custom_html panel-first-child panel-last-child\" data-index=\"1\" ><div class=\"textwidget custom-html-widget\"><p>\n\tAh, la croquette de poulet, craquante en dehors, enrobant une chair moelleuse juste comme il faut. Si vous avez une petit faim, rien de mieux que cette savoureuse croquette de bon poulet de notre terroir. <i>Oui, on l'avoue, c'est notre pr\u00e9f\u00e9r\u00e9e !<\/i>\n<\/p><\/div><\/div><\/div><\/div><\/div>","protected":false},"excerpt":{"rendered":"<p>Ah, la croquette de poulet, craquante en dehors, enrobant une chair moelleuse juste comme il faut. Si vous avez une petit faim, rien de mieux que cette savoureuse croquette de bon poulet de notre terroir. Oui, on l&#8217;avoue, c&#8217;est notre pr\u00e9f\u00e9r\u00e9e !<\/p>\n","protected":false},"author":1,"featured_media":0,"parent":578,"menu_order":0,"comment_status":"closed","ping_status":"closed","template":"","meta":[],"_links":{"self":[{"href":"https:\/\/www.samoussastailou.com\/index.php\/wp-json\/wp\/v2\/pages\/1613"}],"collection":[{"href":"https:\/\/www.samoussastailou.com\/index.php\/wp-json\/wp\/v2\/pages"}],"about":[{"href":"https:\/\/www.samoussastailou.com\/index.php\/wp-json\/wp\/v2\/types\/page"}],"author":[{"embeddable":true,"href":"https:\/\/www.samoussastailou.com\/index.php\/wp-json\/wp\/v2\/users\/1"}],"replies":[{"embeddable":true,"href":"https:\/\/www.samoussastailou.com\/index.php\/wp-json\/wp\/v2\/comments?post=1613"}],"version-history":[{"count":9,"href":"https:\/\/www.samoussastailou.com\/index.php\/wp-json\/wp\/v2\/pages\/1613\/revisions"}],"predecessor-version":[{"id":2221,"href":"https:\/\/www.samoussastailou.com\/index.php\/wp-json\/wp\/v2\/pages\/1613\/revisions\/2221"}],"up":[{"embeddable":true,"href":"https:\/\/www.samoussastailou.com\/index.php\/wp-json\/wp\/v2\/pages\/578"}],"wp:attachment":[{"href":"https:\/\/www.samoussastailou.com\/index.php\/wp-json\/wp\/v2\/media?parent=1613"}],"curies":[{"name":"wp","href":"https:\/\/api.w.org\/{rel}","templated":true}]}}