{"id":1607,"date":"2019-01-14T00:07:43","date_gmt":"2019-01-14T00:07:43","guid":{"rendered":"http:\/\/tealduck.webhop.org:8001\/?page_id=1607"},"modified":"2019-01-28T16:34:28","modified_gmt":"2019-01-28T16:34:28","slug":"piments-farcis","status":"publish","type":"page","link":"https:\/\/www.samoussastailou.com\/index.php\/nos-specialities\/piments-farcis\/","title":{"rendered":"Piments Far\u00e7is"},"content":{"rendered":"<div id=\"pl-1607\"  class=\"panel-layout\" ><div id=\"pg-1607-0\"  class=\"panel-grid panel-no-style\" ><div id=\"pgc-1607-0-0\"  class=\"panel-grid-cell\" ><div id=\"panel-1607-0-0-0\" class=\"so-panel widget widget_sow-image panel-first-child panel-last-child\" data-index=\"0\" ><div class=\"so-widget-sow-image so-widget-sow-image-default-d6014b76747a\">\n\n<div class=\"sow-image-container\">\n\t<img src=\"https:\/\/www.samoussastailou.com\/wp-content\/uploads\/2018\/12\/piment-farci.jpg\" width=\"600\" height=\"600\" srcset=\"https:\/\/www.samoussastailou.com\/wp-content\/uploads\/2018\/12\/piment-farci.jpg 600w, https:\/\/www.samoussastailou.com\/wp-content\/uploads\/2018\/12\/piment-farci-150x150.jpg 150w, https:\/\/www.samoussastailou.com\/wp-content\/uploads\/2018\/12\/piment-farci-300x300.jpg 300w\" sizes=\"(max-width: 600px) 100vw, 600px\" alt=\"\" \t\tclass=\"so-widget-image\"\/>\n<\/div>\n\n<\/div><\/div><\/div><div id=\"pgc-1607-0-1\"  class=\"panel-grid-cell\" ><div id=\"panel-1607-0-1-0\" class=\"widget_text so-panel widget widget_custom_html panel-first-child panel-last-child\" data-index=\"1\" ><div class=\"textwidget custom-html-widget\"><p>\n\tLe piment far\u00e7i saura mettre vos papilles en effervescence et vous procurer un intense moment de bonheur. Au <b>porc ou poulet<\/b>, il est l\u00e9g\u00e8rement relev\u00e9, mais quel parfum ! <i>C'est une escale exotique dont vous vous souviendrez !<\/i>\n<\/p><\/div><\/div><\/div><\/div><\/div>","protected":false},"excerpt":{"rendered":"<p>Le piment far\u00e7i saura mettre vos papilles en effervescence et vous procurer un intense moment de bonheur. Au porc ou poulet, il est l\u00e9g\u00e8rement relev\u00e9, mais quel parfum ! C&#8217;est une escale exotique dont vous vous souviendrez !<\/p>\n","protected":false},"author":1,"featured_media":0,"parent":578,"menu_order":0,"comment_status":"closed","ping_status":"closed","template":"","meta":[],"_links":{"self":[{"href":"https:\/\/www.samoussastailou.com\/index.php\/wp-json\/wp\/v2\/pages\/1607"}],"collection":[{"href":"https:\/\/www.samoussastailou.com\/index.php\/wp-json\/wp\/v2\/pages"}],"about":[{"href":"https:\/\/www.samoussastailou.com\/index.php\/wp-json\/wp\/v2\/types\/page"}],"author":[{"embeddable":true,"href":"https:\/\/www.samoussastailou.com\/index.php\/wp-json\/wp\/v2\/users\/1"}],"replies":[{"embeddable":true,"href":"https:\/\/www.samoussastailou.com\/index.php\/wp-json\/wp\/v2\/comments?post=1607"}],"version-history":[{"count":10,"href":"https:\/\/www.samoussastailou.com\/index.php\/wp-json\/wp\/v2\/pages\/1607\/revisions"}],"predecessor-version":[{"id":2225,"href":"https:\/\/www.samoussastailou.com\/index.php\/wp-json\/wp\/v2\/pages\/1607\/revisions\/2225"}],"up":[{"embeddable":true,"href":"https:\/\/www.samoussastailou.com\/index.php\/wp-json\/wp\/v2\/pages\/578"}],"wp:attachment":[{"href":"https:\/\/www.samoussastailou.com\/index.php\/wp-json\/wp\/v2\/media?parent=1607"}],"curies":[{"name":"wp","href":"https:\/\/api.w.org\/{rel}","templated":true}]}}