{"id":1595,"date":"2019-01-14T00:04:18","date_gmt":"2019-01-14T00:04:18","guid":{"rendered":"http:\/\/tealduck.webhop.org:8001\/?page_id=1595"},"modified":"2019-02-04T19:31:56","modified_gmt":"2019-02-04T19:31:56","slug":"bouchons","status":"publish","type":"page","link":"https:\/\/www.samoussastailou.com\/index.php\/nos-specialities\/bouchons\/","title":{"rendered":"Bouchons"},"content":{"rendered":"<div id=\"pl-1595\"  class=\"panel-layout\" ><div id=\"pg-1595-0\"  class=\"panel-grid panel-no-style\" ><div id=\"pgc-1595-0-0\"  class=\"panel-grid-cell\" ><div id=\"panel-1595-0-0-0\" class=\"so-panel widget widget_sow-image panel-first-child panel-last-child\" data-index=\"0\" ><div class=\"so-widget-sow-image so-widget-sow-image-default-d6014b76747a\">\n\n<div class=\"sow-image-container\">\n\t<img src=\"https:\/\/www.samoussastailou.com\/wp-content\/uploads\/2018\/12\/bouchons.jpg\" width=\"600\" height=\"600\" srcset=\"https:\/\/www.samoussastailou.com\/wp-content\/uploads\/2018\/12\/bouchons.jpg 600w, https:\/\/www.samoussastailou.com\/wp-content\/uploads\/2018\/12\/bouchons-150x150.jpg 150w, https:\/\/www.samoussastailou.com\/wp-content\/uploads\/2018\/12\/bouchons-300x300.jpg 300w\" sizes=\"(max-width: 600px) 100vw, 600px\" alt=\"\" \t\tclass=\"so-widget-image\"\/>\n<\/div>\n\n<\/div><\/div><\/div><div id=\"pgc-1595-0-1\"  class=\"panel-grid-cell\" ><div id=\"panel-1595-0-1-0\" class=\"widget_text so-panel widget widget_custom_html panel-first-child panel-last-child\" data-index=\"1\" ><div class=\"textwidget custom-html-widget\"><p>\n\tToute la finesse de l'Orient, c'est une d\u00e9licate bouch\u00e9e de viande subtilement parfum\u00e9e, enrob\u00e9e de p\u00e2te et cuite \u00e0 la vapeur. Que du bonheur avec les Bouchons TA\u00cfLOU ! Un v\u00e9ritable p\u00e9ch\u00e9 mignon \u00e0 d\u00e9guster avec les sauces de votre choix. Au <b>porc ou poulet<\/b>, il est servi chaud. <i>Pr\u00e9parez vos baguettes !<\/i>\n<\/p><\/div><\/div><\/div><\/div><\/div>","protected":false},"excerpt":{"rendered":"<p>Toute la finesse de l&#8217;Orient, c&#8217;est une d\u00e9licate bouch\u00e9e de viande subtilement parfum\u00e9e, enrob\u00e9e de p\u00e2te et cuite \u00e0 la vapeur. Que du bonheur avec les Bouchons TA\u00cfLOU ! Un v\u00e9ritable p\u00e9ch\u00e9 mignon \u00e0 d\u00e9guster avec les sauces de votre choix. Au porc ou poulet, il est servi chaud. Pr\u00e9parez vos baguettes !<\/p>\n","protected":false},"author":1,"featured_media":0,"parent":578,"menu_order":0,"comment_status":"closed","ping_status":"closed","template":"","meta":[],"_links":{"self":[{"href":"https:\/\/www.samoussastailou.com\/index.php\/wp-json\/wp\/v2\/pages\/1595"}],"collection":[{"href":"https:\/\/www.samoussastailou.com\/index.php\/wp-json\/wp\/v2\/pages"}],"about":[{"href":"https:\/\/www.samoussastailou.com\/index.php\/wp-json\/wp\/v2\/types\/page"}],"author":[{"embeddable":true,"href":"https:\/\/www.samoussastailou.com\/index.php\/wp-json\/wp\/v2\/users\/1"}],"replies":[{"embeddable":true,"href":"https:\/\/www.samoussastailou.com\/index.php\/wp-json\/wp\/v2\/comments?post=1595"}],"version-history":[{"count":22,"href":"https:\/\/www.samoussastailou.com\/index.php\/wp-json\/wp\/v2\/pages\/1595\/revisions"}],"predecessor-version":[{"id":3148,"href":"https:\/\/www.samoussastailou.com\/index.php\/wp-json\/wp\/v2\/pages\/1595\/revisions\/3148"}],"up":[{"embeddable":true,"href":"https:\/\/www.samoussastailou.com\/index.php\/wp-json\/wp\/v2\/pages\/578"}],"wp:attachment":[{"href":"https:\/\/www.samoussastailou.com\/index.php\/wp-json\/wp\/v2\/media?parent=1595"}],"curies":[{"name":"wp","href":"https:\/\/api.w.org\/{rel}","templated":true}]}}