{"id":1556,"date":"2019-01-13T23:36:17","date_gmt":"2019-01-13T23:36:17","guid":{"rendered":"http:\/\/tealduck.webhop.org:8001\/?page_id=1556"},"modified":"2019-02-01T15:07:06","modified_gmt":"2019-02-01T15:07:06","slug":"les-samoussas","status":"publish","type":"page","link":"https:\/\/www.samoussastailou.com\/index.php\/nos-specialities\/les-samoussas\/","title":{"rendered":"Les Samoussas"},"content":{"rendered":"<div id=\"pl-1556\"  class=\"panel-layout\" ><div id=\"pg-1556-0\"  class=\"panel-grid panel-no-style\" ><div id=\"pgc-1556-0-0\"  class=\"panel-grid-cell\" ><div id=\"panel-1556-0-0-0\" class=\"so-panel widget widget_sow-image panel-first-child\" data-index=\"0\" ><div class=\"so-widget-sow-image so-widget-sow-image-default-d6014b76747a\">\n\n<div class=\"sow-image-container\">\n\t<img src=\"https:\/\/www.samoussastailou.com\/wp-content\/uploads\/2019\/01\/vegetable.jpg\" width=\"1079\" height=\"1079\" srcset=\"https:\/\/www.samoussastailou.com\/wp-content\/uploads\/2019\/01\/vegetable.jpg 1079w, https:\/\/www.samoussastailou.com\/wp-content\/uploads\/2019\/01\/vegetable-150x150.jpg 150w, https:\/\/www.samoussastailou.com\/wp-content\/uploads\/2019\/01\/vegetable-300x300.jpg 300w, https:\/\/www.samoussastailou.com\/wp-content\/uploads\/2019\/01\/vegetable-768x768.jpg 768w, https:\/\/www.samoussastailou.com\/wp-content\/uploads\/2019\/01\/vegetable-1024x1024.jpg 1024w\" sizes=\"(max-width: 1079px) 100vw, 1079px\" alt=\"\" \t\tclass=\"so-widget-image\"\/>\n<\/div>\n\n<\/div><\/div><div id=\"panel-1556-0-0-1\" class=\"so-panel widget widget_sow-image\" data-index=\"1\" ><div class=\"so-widget-sow-image so-widget-sow-image-default-d6014b76747a\">\n\n<div class=\"sow-image-container\">\n\t<img src=\"https:\/\/www.samoussastailou.com\/wp-content\/uploads\/2019\/01\/fish.jpg\" width=\"1000\" height=\"1000\" srcset=\"https:\/\/www.samoussastailou.com\/wp-content\/uploads\/2019\/01\/fish.jpg 1000w, https:\/\/www.samoussastailou.com\/wp-content\/uploads\/2019\/01\/fish-150x150.jpg 150w, https:\/\/www.samoussastailou.com\/wp-content\/uploads\/2019\/01\/fish-300x300.jpg 300w, https:\/\/www.samoussastailou.com\/wp-content\/uploads\/2019\/01\/fish-768x768.jpg 768w\" sizes=\"(max-width: 1000px) 100vw, 1000px\" alt=\"\" \t\tclass=\"so-widget-image\"\/>\n<\/div>\n\n<\/div><\/div><div id=\"panel-1556-0-0-2\" class=\"so-panel widget widget_sow-image\" data-index=\"2\" ><div class=\"so-widget-sow-image so-widget-sow-image-default-d6014b76747a\">\n\n<div class=\"sow-image-container\">\n\t<img src=\"https:\/\/www.samoussastailou.com\/wp-content\/uploads\/2019\/01\/chicken.jpg\" width=\"1069\" height=\"1069\" srcset=\"https:\/\/www.samoussastailou.com\/wp-content\/uploads\/2019\/01\/chicken.jpg 1069w, https:\/\/www.samoussastailou.com\/wp-content\/uploads\/2019\/01\/chicken-150x150.jpg 150w, https:\/\/www.samoussastailou.com\/wp-content\/uploads\/2019\/01\/chicken-300x300.jpg 300w, https:\/\/www.samoussastailou.com\/wp-content\/uploads\/2019\/01\/chicken-768x768.jpg 768w, https:\/\/www.samoussastailou.com\/wp-content\/uploads\/2019\/01\/chicken-1024x1024.jpg 1024w\" sizes=\"(max-width: 1069px) 100vw, 1069px\" alt=\"\" \t\tclass=\"so-widget-image\"\/>\n<\/div>\n\n<\/div><\/div><div id=\"panel-1556-0-0-3\" class=\"so-panel widget widget_sow-image panel-last-child\" data-index=\"3\" ><div class=\"so-widget-sow-image so-widget-sow-image-default-d6014b76747a\">\n\n<div class=\"sow-image-container\">\n\t<img src=\"https:\/\/www.samoussastailou.com\/wp-content\/uploads\/2019\/01\/cheese.jpg\" width=\"1000\" height=\"1000\" srcset=\"https:\/\/www.samoussastailou.com\/wp-content\/uploads\/2019\/01\/cheese.jpg 1000w, https:\/\/www.samoussastailou.com\/wp-content\/uploads\/2019\/01\/cheese-150x150.jpg 150w, https:\/\/www.samoussastailou.com\/wp-content\/uploads\/2019\/01\/cheese-300x300.jpg 300w, https:\/\/www.samoussastailou.com\/wp-content\/uploads\/2019\/01\/cheese-768x768.jpg 768w\" sizes=\"(max-width: 1000px) 100vw, 1000px\" alt=\"\" \t\tclass=\"so-widget-image\"\/>\n<\/div>\n\n<\/div><\/div><\/div><div id=\"pgc-1556-0-1\"  class=\"panel-grid-cell\" ><div id=\"panel-1556-0-1-0\" class=\"widget_text so-panel widget widget_custom_html panel-first-child panel-last-child\" data-index=\"4\" ><div class=\"textwidget custom-html-widget\"><p>\n\t<b>Le Paradis, le vrai Paradis, c'est vivre d'amour et d'eau fra\u00eeche... avec quelques Samoussas TA\u00cfLOU.<\/b><\/p>\n\n<p>\n\t<b>Les Samoussas au POULET<\/b><\/p>\n\t<p>C'est le seigneur du terroir r\u00e9unionnais, un Samoussa au bon poulet de La R\u00e9union. Il est tendre et savoureux, croquez-le \u00e0 pleines dents et vous d\u00e9couvrirez son go\u00fbt subtil. <i>Pour les gastronomes.<\/i>\n<\/p>\n\n<p>\n\t<b>Les Samoussas au FROMAGE<\/b><\/p>\n\t<p>Avec les Samoussas au fromage, les choses s\u00e9rieuses vont commencer, c'est la promesse d'un instant d\u00e9licieux. La recette f\u00e9tiche de Mme TA\u00cfLOU qui en garde jalousement le secret. <i>C'est dire !<\/i>\n<\/p>\n\n<p>\n\t<b>Les Samoussas aux POISSONS<\/b><\/p>\n\t<p>Les Samoussas aux poissons, une vrai promenade gustative dans les mers du Sud. Laissez-vous envo\u00fbter par l'\u00e9quilibre des saveurs marines avec juste une touche d'\u00e9pices exotiques. <i>Vos sens vont s'embraser !<\/i>\n<\/p>\n\n<p>\n\t<b>Les Samoussas V\u00c9G\u00c9TARIENS<\/b><\/p>\n<p>Une gamme de Samoussas mise au point pour vous par Dame Lynda pour un r\u00e9gal v\u00e9g\u00e9tarien par excellence. Samoussas aux <b>L\u00e9gumes Vari\u00e9s<\/b> s\u00e9lectionn\u00e9s pour leur fra\u00eecheur, ou bien \u00e0 la <b>Tapenade<\/b> \u00e0 la fa\u00e7on proven\u00e7ale, au <b>Ti-jacques<\/b>, ou bien encore aux <b>Pommes de Terre<\/b> parfum\u00e9es aux herbes aromatiques, et bien plus de choix encore selon la saison... <i>C'est toute la saveur du potager dans un triangle de bonheur.<\/i>\n<\/p>\n\n<p>\n\t<b>Les Samoussas au CABRI<\/b><\/p>\n\t<p>Si vous aimez que bonheur rime avec saveur et subtiles senteurs, vous allez craquer pour le plus go\u00fbteux, le plus viril des Samoussas. <i>Laissez-vous envo\u00fbter...<\/i>\n<\/p>\n\n<p>\n\t<b>Les Samoussas au PORC<\/b><\/p>\n\t<p>C'est irr\u00e9sistible. D\u00e8s la premi\u00e8re bouch\u00e9e, son ar\u00f4me vous caresse et vous donne des frissons de bonheur. En premi\u00e8re bouche vient la densit\u00e9 du go\u00fbt, un r\u00e9gal, puis rapidement on d\u00e9couvre la finesse des \u00e9pices ajout\u00e9es qui nous caressent d\u00e9licatement les papilles. On n'en dira pas plus, secret de fabrication oblige ! <i>Le Samoussa qui rend heureux...<\/i>\n<\/p>\n\n\n\n\n<\/div><\/div><\/div><\/div><\/div>","protected":false},"excerpt":{"rendered":"<p>Le Paradis, le vrai Paradis, c&#8217;est vivre d&#8217;amour et d&#8217;eau fra\u00eeche&#8230; avec quelques Samoussas TA\u00cfLOU. Les Samoussas au POULET C&#8217;est le seigneur du terroir r\u00e9unionnais, un Samoussa au bon poulet de La R\u00e9union. Il est tendre et savoureux, croquez-le \u00e0 pleines dents et vous d\u00e9couvrirez son go\u00fbt subtil. Pour les gastronomes. Les Samoussas au FROMAGE&hellip; <\/p>\n","protected":false},"author":1,"featured_media":0,"parent":578,"menu_order":0,"comment_status":"closed","ping_status":"closed","template":"","meta":[],"_links":{"self":[{"href":"https:\/\/www.samoussastailou.com\/index.php\/wp-json\/wp\/v2\/pages\/1556"}],"collection":[{"href":"https:\/\/www.samoussastailou.com\/index.php\/wp-json\/wp\/v2\/pages"}],"about":[{"href":"https:\/\/www.samoussastailou.com\/index.php\/wp-json\/wp\/v2\/types\/page"}],"author":[{"embeddable":true,"href":"https:\/\/www.samoussastailou.com\/index.php\/wp-json\/wp\/v2\/users\/1"}],"replies":[{"embeddable":true,"href":"https:\/\/www.samoussastailou.com\/index.php\/wp-json\/wp\/v2\/comments?post=1556"}],"version-history":[{"count":77,"href":"https:\/\/www.samoussastailou.com\/index.php\/wp-json\/wp\/v2\/pages\/1556\/revisions"}],"predecessor-version":[{"id":2271,"href":"https:\/\/www.samoussastailou.com\/index.php\/wp-json\/wp\/v2\/pages\/1556\/revisions\/2271"}],"up":[{"embeddable":true,"href":"https:\/\/www.samoussastailou.com\/index.php\/wp-json\/wp\/v2\/pages\/578"}],"wp:attachment":[{"href":"https:\/\/www.samoussastailou.com\/index.php\/wp-json\/wp\/v2\/media?parent=1556"}],"curies":[{"name":"wp","href":"https:\/\/api.w.org\/{rel}","templated":true}]}}