{"id":1471,"date":"2019-01-13T19:58:17","date_gmt":"2019-01-13T19:58:17","guid":{"rendered":"http:\/\/tealduck.webhop.org:8001\/?page_id=1471"},"modified":"2019-02-19T16:47:42","modified_gmt":"2019-02-19T16:47:42","slug":"samoussas-tailou-a-saint-pierre","status":"publish","type":"page","link":"https:\/\/www.samoussastailou.com\/index.php\/points-chauds\/samoussas-tailou-a-saint-pierre\/","title":{"rendered":"Samoussas TA\u00cfLOU \u00e0 Saint-Pierre"},"content":{"rendered":"<div id=\"pl-1471\"  class=\"panel-layout\" ><div id=\"pg-1471-0\"  class=\"panel-grid panel-no-style\" ><div id=\"pgc-1471-0-0\"  class=\"panel-grid-cell\" ><div id=\"panel-1471-0-0-0\" class=\"so-panel widget widget_sow-image panel-first-child panel-last-child\" data-index=\"0\" ><div class=\"so-widget-sow-image so-widget-sow-image-default-d6014b76747a\">\n\n<div class=\"sow-image-container\">\n\t<img src=\"https:\/\/www.samoussastailou.com\/wp-content\/uploads\/2019\/01\/saint-pierre-1.jpg\" width=\"800\" height=\"566\" srcset=\"https:\/\/www.samoussastailou.com\/wp-content\/uploads\/2019\/01\/saint-pierre-1.jpg 800w, https:\/\/www.samoussastailou.com\/wp-content\/uploads\/2019\/01\/saint-pierre-1-300x212.jpg 300w, https:\/\/www.samoussastailou.com\/wp-content\/uploads\/2019\/01\/saint-pierre-1-768x543.jpg 768w\" sizes=\"(max-width: 800px) 100vw, 800px\" title=\"saint-pierre\" alt=\"\" \t\tclass=\"so-widget-image\"\/>\n<\/div>\n\n<\/div><\/div><\/div><div id=\"pgc-1471-0-1\"  class=\"panel-grid-cell\" ><div id=\"panel-1471-0-1-0\" class=\"widget_text so-panel widget widget_custom_html panel-first-child panel-last-child\" data-index=\"1\" ><div class=\"textwidget custom-html-widget\"><p>\nDans un cadre id\u00e9al pour la d\u00e9tente, venez d\u00e9couvrir nos Samoussas, mais aussi des bonbons piments, nems, croquettes et beignets qui sauront r\u00e9galer les palais des plus fins gastronomes.\tDes boissons fra\u00eeches, une s\u00e9lection de sandwichs, un bon caf\u00e9, venez passer un moment de d\u00e9tente inoubliable.\n<\/p>\n\n<p>\nVous pouvez aussi passer commande directement dans cette boutique pour des produits cuits, surgel\u00e9s ou encore pr\u00e9cuits pour voyager.\n<\/p>\n\n<p><b>\n\tCentre commercial Jumbo Grand Large<br>\n\tRue de la Poudri\u00e8re Z.I. N\u00ba1, 97410 Saint-Pierre <br>\nT\u00e9l : 0262 54 61 70<\/b>\n<\/p><\/div><\/div><\/div><\/div><\/div>","protected":false},"excerpt":{"rendered":"<p>Dans un cadre id\u00e9al pour la d\u00e9tente, venez d\u00e9couvrir nos Samoussas, mais aussi des bonbons piments, nems, croquettes et beignets qui sauront r\u00e9galer les palais des plus fins gastronomes. Des boissons fra\u00eeches, une s\u00e9lection de sandwichs, un bon caf\u00e9, venez passer un moment de d\u00e9tente inoubliable. Vous pouvez aussi passer commande directement dans cette boutique&hellip; <\/p>\n","protected":false},"author":1,"featured_media":0,"parent":584,"menu_order":0,"comment_status":"closed","ping_status":"closed","template":"","meta":[],"_links":{"self":[{"href":"https:\/\/www.samoussastailou.com\/index.php\/wp-json\/wp\/v2\/pages\/1471"}],"collection":[{"href":"https:\/\/www.samoussastailou.com\/index.php\/wp-json\/wp\/v2\/pages"}],"about":[{"href":"https:\/\/www.samoussastailou.com\/index.php\/wp-json\/wp\/v2\/types\/page"}],"author":[{"embeddable":true,"href":"https:\/\/www.samoussastailou.com\/index.php\/wp-json\/wp\/v2\/users\/1"}],"replies":[{"embeddable":true,"href":"https:\/\/www.samoussastailou.com\/index.php\/wp-json\/wp\/v2\/comments?post=1471"}],"version-history":[{"count":26,"href":"https:\/\/www.samoussastailou.com\/index.php\/wp-json\/wp\/v2\/pages\/1471\/revisions"}],"predecessor-version":[{"id":3477,"href":"https:\/\/www.samoussastailou.com\/index.php\/wp-json\/wp\/v2\/pages\/1471\/revisions\/3477"}],"up":[{"embeddable":true,"href":"https:\/\/www.samoussastailou.com\/index.php\/wp-json\/wp\/v2\/pages\/584"}],"wp:attachment":[{"href":"https:\/\/www.samoussastailou.com\/index.php\/wp-json\/wp\/v2\/media?parent=1471"}],"curies":[{"name":"wp","href":"https:\/\/api.w.org\/{rel}","templated":true}]}}