{"id":1458,"date":"2019-01-13T19:54:18","date_gmt":"2019-01-13T19:54:18","guid":{"rendered":"http:\/\/tealduck.webhop.org:8001\/?page_id=1458"},"modified":"2019-02-19T18:06:19","modified_gmt":"2019-02-19T18:06:19","slug":"samoussas-tailou-a-sainte-marie","status":"publish","type":"page","link":"https:\/\/www.samoussastailou.com\/index.php\/points-chauds\/samoussas-tailou-a-sainte-marie\/","title":{"rendered":"Samoussas TA\u00cfLOU et Surgel\u00e9s TA\u00cfLOU \u00e0 Sainte-Marie"},"content":{"rendered":"<div id=\"pl-1458\"  class=\"panel-layout\" ><div id=\"pg-1458-0\"  class=\"panel-grid panel-no-style\" ><div id=\"pgc-1458-0-0\"  class=\"panel-grid-cell\" ><div id=\"panel-1458-0-0-0\" class=\"so-panel widget widget_sow-image panel-first-child\" data-index=\"0\" ><div class=\"so-widget-sow-image so-widget-sow-image-default-d6014b76747a\">\n\n<div class=\"sow-image-container\">\n\t<img src=\"https:\/\/www.samoussastailou.com\/wp-content\/uploads\/2019\/01\/sainte-marie-2.jpg\" width=\"700\" height=\"389\" srcset=\"https:\/\/www.samoussastailou.com\/wp-content\/uploads\/2019\/01\/sainte-marie-2.jpg 700w, https:\/\/www.samoussastailou.com\/wp-content\/uploads\/2019\/01\/sainte-marie-2-300x167.jpg 300w\" sizes=\"(max-width: 700px) 100vw, 700px\" alt=\"\" \t\tclass=\"so-widget-image\"\/>\n<\/div>\n\n<\/div><\/div><div id=\"panel-1458-0-0-1\" class=\"so-panel widget widget_sow-image panel-last-child\" data-index=\"1\" ><div class=\"so-widget-sow-image so-widget-sow-image-default-d6014b76747a\">\n\n<div class=\"sow-image-container\">\n\t<img src=\"https:\/\/www.samoussastailou.com\/wp-content\/uploads\/2019\/01\/sainte-marie-1.jpg\" width=\"700\" height=\"502\" srcset=\"https:\/\/www.samoussastailou.com\/wp-content\/uploads\/2019\/01\/sainte-marie-1.jpg 700w, https:\/\/www.samoussastailou.com\/wp-content\/uploads\/2019\/01\/sainte-marie-1-300x215.jpg 300w\" sizes=\"(max-width: 700px) 100vw, 700px\" alt=\"\" \t\tclass=\"so-widget-image\"\/>\n<\/div>\n\n<\/div><\/div><\/div><div id=\"pgc-1458-0-1\"  class=\"panel-grid-cell\" ><div id=\"panel-1458-0-1-0\" class=\"widget_text so-panel widget widget_custom_html panel-first-child panel-last-child\" data-index=\"2\" ><div class=\"textwidget custom-html-widget\"><p>\n\tUn espace sp\u00e9cialement d\u00e9di\u00e9 \u00e0 la d\u00e9gustation. Tous les bons produits de la gastronomie r\u00e9unionnaise. Laissez-vous tenter par de succulents Samoussas juste cuits \u00e0 l\u2019instant pour vous, pr\u00eats \u00e0 d\u00e9guster.<\/p>\n\t\n<p>\nVous voyagez ?<br>\nTout est pr\u00e9vu !<br>\nNos produits sont disponibles en pr\u00e9cuits dans le magasin Les Surgel\u00e9s TA\u00cfLOU, juste \u00e0 c\u00f4t\u00e9 !\n<\/p>\n<p>\n\tVous pouvez aussi passer commande directement dans cette boutique pour des produits cuits, surgel\u00e9s ou encore pr\u00e9cuits pour voyager.\n<\/p>\n\n<p><b>\n\tCentre commercial de Jumbo Duparc <br>\n\tRond Point Duparc, 97438 Sainte-Marie <br>\nT\u00e9l : 0262 53 93 08<\/b>\n<\/p><\/div><\/div><\/div><\/div><\/div>","protected":false},"excerpt":{"rendered":"<p>Un espace sp\u00e9cialement d\u00e9di\u00e9 \u00e0 la d\u00e9gustation. Tous les bons produits de la gastronomie r\u00e9unionnaise. Laissez-vous tenter par de succulents Samoussas juste cuits \u00e0 l\u2019instant pour vous, pr\u00eats \u00e0 d\u00e9guster. Vous voyagez ? Tout est pr\u00e9vu ! Nos produits sont disponibles en pr\u00e9cuits dans le magasin Les Surgel\u00e9s TA\u00cfLOU, juste \u00e0 c\u00f4t\u00e9 ! Vous pouvez&hellip; <\/p>\n","protected":false},"author":1,"featured_media":0,"parent":584,"menu_order":0,"comment_status":"closed","ping_status":"closed","template":"","meta":[],"_links":{"self":[{"href":"https:\/\/www.samoussastailou.com\/index.php\/wp-json\/wp\/v2\/pages\/1458"}],"collection":[{"href":"https:\/\/www.samoussastailou.com\/index.php\/wp-json\/wp\/v2\/pages"}],"about":[{"href":"https:\/\/www.samoussastailou.com\/index.php\/wp-json\/wp\/v2\/types\/page"}],"author":[{"embeddable":true,"href":"https:\/\/www.samoussastailou.com\/index.php\/wp-json\/wp\/v2\/users\/1"}],"replies":[{"embeddable":true,"href":"https:\/\/www.samoussastailou.com\/index.php\/wp-json\/wp\/v2\/comments?post=1458"}],"version-history":[{"count":28,"href":"https:\/\/www.samoussastailou.com\/index.php\/wp-json\/wp\/v2\/pages\/1458\/revisions"}],"predecessor-version":[{"id":3481,"href":"https:\/\/www.samoussastailou.com\/index.php\/wp-json\/wp\/v2\/pages\/1458\/revisions\/3481"}],"up":[{"embeddable":true,"href":"https:\/\/www.samoussastailou.com\/index.php\/wp-json\/wp\/v2\/pages\/584"}],"wp:attachment":[{"href":"https:\/\/www.samoussastailou.com\/index.php\/wp-json\/wp\/v2\/media?parent=1458"}],"curies":[{"name":"wp","href":"https:\/\/api.w.org\/{rel}","templated":true}]}}