{"id":1439,"date":"2019-01-13T19:45:17","date_gmt":"2019-01-13T19:45:17","guid":{"rendered":"http:\/\/tealduck.webhop.org:8001\/?page_id=1439"},"modified":"2019-02-04T19:13:12","modified_gmt":"2019-02-04T19:13:12","slug":"samoussas-tailou-au-port","status":"publish","type":"page","link":"https:\/\/www.samoussastailou.com\/index.php\/points-chauds\/samoussas-tailou-au-port\/","title":{"rendered":"Samoussas TA\u00cfLOU au Port"},"content":{"rendered":"<div id=\"pl-1439\"  class=\"panel-layout\" ><div id=\"pg-1439-0\"  class=\"panel-grid panel-no-style\" ><div id=\"pgc-1439-0-0\"  class=\"panel-grid-cell\" ><div id=\"panel-1439-0-0-0\" class=\"so-panel widget widget_sow-image panel-first-child panel-last-child\" data-index=\"0\" ><div class=\"so-widget-sow-image so-widget-sow-image-default-d6014b76747a\">\n\n<div class=\"sow-image-container\">\n\t<img src=\"https:\/\/www.samoussastailou.com\/wp-content\/uploads\/2019\/01\/le-porte.jpg\" width=\"1540\" height=\"1009\" srcset=\"https:\/\/www.samoussastailou.com\/wp-content\/uploads\/2019\/01\/le-porte.jpg 1540w, https:\/\/www.samoussastailou.com\/wp-content\/uploads\/2019\/01\/le-porte-300x197.jpg 300w, https:\/\/www.samoussastailou.com\/wp-content\/uploads\/2019\/01\/le-porte-768x503.jpg 768w, https:\/\/www.samoussastailou.com\/wp-content\/uploads\/2019\/01\/le-porte-1024x671.jpg 1024w\" sizes=\"(max-width: 1540px) 100vw, 1540px\" title=\"le porte\" alt=\"\" \t\tclass=\"so-widget-image\"\/>\n<\/div>\n\n<\/div><\/div><\/div><div id=\"pgc-1439-0-1\"  class=\"panel-grid-cell\" ><div id=\"panel-1439-0-1-0\" class=\"widget_text so-panel widget widget_custom_html panel-first-child panel-last-child\" data-index=\"1\" ><div class=\"textwidget custom-html-widget\"><p>\nNous vous proposons tout un assortiment de Samoussas, mais aussi des bonbons piments, nems, croquettes et beignets qui sauront r\u00e9galer les palais des plus fins gastronomes. Des boissons fra\u00eeches, une s\u00e9lection de sandwichs, un bon caf\u00e9, venez passer un moment de d\u00e9tente inoubliable.\t\n<\/p><p>\nVous pouvez aussi passer commande directement dans cette boutique pour des produits cuits, surgel\u00e9s ou encore pr\u00e9cuits pour voyager.\t\n<\/p>\n<p><b>\n\tCentre Commercial Jumbo Sacr\u00e9 Coeur\n\t<br>\n\tRond-Point Sacr\u00e9 Coeur, 97420 Le Port\n\t<br>\n\tT\u00e9l : 0262 71 01 53<\/b>\n<\/p><\/div><\/div><\/div><\/div><\/div>","protected":false},"excerpt":{"rendered":"<p>Nous vous proposons tout un assortiment de Samoussas, mais aussi des bonbons piments, nems, croquettes et beignets qui sauront r\u00e9galer les palais des plus fins gastronomes. Des boissons fra\u00eeches, une s\u00e9lection de sandwichs, un bon caf\u00e9, venez passer un moment de d\u00e9tente inoubliable. Vous pouvez aussi passer commande directement dans cette boutique pour des produits&hellip; <\/p>\n","protected":false},"author":1,"featured_media":0,"parent":584,"menu_order":0,"comment_status":"closed","ping_status":"closed","template":"","meta":[],"_links":{"self":[{"href":"https:\/\/www.samoussastailou.com\/index.php\/wp-json\/wp\/v2\/pages\/1439"}],"collection":[{"href":"https:\/\/www.samoussastailou.com\/index.php\/wp-json\/wp\/v2\/pages"}],"about":[{"href":"https:\/\/www.samoussastailou.com\/index.php\/wp-json\/wp\/v2\/types\/page"}],"author":[{"embeddable":true,"href":"https:\/\/www.samoussastailou.com\/index.php\/wp-json\/wp\/v2\/users\/1"}],"replies":[{"embeddable":true,"href":"https:\/\/www.samoussastailou.com\/index.php\/wp-json\/wp\/v2\/comments?post=1439"}],"version-history":[{"count":29,"href":"https:\/\/www.samoussastailou.com\/index.php\/wp-json\/wp\/v2\/pages\/1439\/revisions"}],"predecessor-version":[{"id":3097,"href":"https:\/\/www.samoussastailou.com\/index.php\/wp-json\/wp\/v2\/pages\/1439\/revisions\/3097"}],"up":[{"embeddable":true,"href":"https:\/\/www.samoussastailou.com\/index.php\/wp-json\/wp\/v2\/pages\/584"}],"wp:attachment":[{"href":"https:\/\/www.samoussastailou.com\/index.php\/wp-json\/wp\/v2\/media?parent=1439"}],"curies":[{"name":"wp","href":"https:\/\/api.w.org\/{rel}","templated":true}]}}